{"id":3295,"date":"2025-07-02T02:47:30","date_gmt":"2025-07-02T02:47:30","guid":{"rendered":"https:\/\/www.365webit.com\/?page_id=3295"},"modified":"2025-09-08T13:33:43","modified_gmt":"2025-09-08T11:33:43","slug":"marketing-digital","status":"publish","type":"page","link":"https:\/\/www.365webit.com\/de\/marketing-digital\/","title":{"rendered":"Digitales Marketing"},"content":{"rendered":"<div data-elementor-type=\"wp-page\" data-elementor-id=\"3295\" class=\"elementor elementor-3295\">\n\t\t\t\t\t\t<section class=\"elementor-section elementor-top-section elementor-element elementor-element-ce2ef26 elementor-section-height-min-height elementor-section-boxed elementor-section-height-default elementor-section-items-middle\" data-id=\"ce2ef26\" data-element_type=\"section\" data-e-type=\"section\" data-settings=\"{&quot;background_background&quot;:&quot;classic&quot;}\">\n\t\t\t\t\t\t\t<div class=\"elementor-background-overlay\"><\/div>\n\t\t\t\t\t\t\t<div class=\"elementor-container elementor-column-gap-default\">\n\t\t\t\t\t<div class=\"elementor-column elementor-col-100 elementor-top-column elementor-element elementor-element-c7262a1\" data-id=\"c7262a1\" data-element_type=\"column\" data-e-type=\"column\">\n\t\t\t<div class=\"elementor-widget-wrap elementor-element-populated\">\n\t\t\t\t\t\t<div class=\"elementor-element elementor-element-353c864 elementor-widget elementor-widget-heading\" data-id=\"353c864\" data-element_type=\"widget\" data-e-type=\"widget\" data-widget_type=\"heading.default\">\n\t\t\t\t<div class=\"elementor-widget-container\">\n\t\t\t\t\t<h1 class=\"elementor-heading-title elementor-size-default\">Digitales Marketing<\/h1>\t\t\t\t<\/div>\n\t\t\t\t<\/div>\n\t\t\t\t\t<\/div>\n\t\t<\/div>\n\t\t\t\t\t<\/div>\n\t\t<\/section>\n\t\t\t\t<section class=\"elementor-section elementor-top-section elementor-element elementor-element-706b93a elementor-section-content-middle elementor-section-boxed elementor-section-height-default elementor-section-height-default\" data-id=\"706b93a\" data-element_type=\"section\" data-e-type=\"section\" data-settings=\"{&quot;background_background&quot;:&quot;classic&quot;}\">\n\t\t\t\t\t\t<div class=\"elementor-container elementor-column-gap-no\">\n\t\t\t\t\t<div class=\"elementor-column elementor-col-100 elementor-top-column elementor-element elementor-element-4a348f8\" data-id=\"4a348f8\" data-element_type=\"column\" data-e-type=\"column\">\n\t\t\t<div class=\"elementor-widget-wrap elementor-element-populated\">\n\t\t\t\t\t\t<div class=\"elementor-element elementor-element-99cf542 elementor-drop-cap-yes elementor-drop-cap-view-default elementor-widget elementor-widget-text-editor\" data-id=\"99cf542\" data-element_type=\"widget\" data-e-type=\"widget\" data-settings=\"{&quot;drop_cap&quot;:&quot;yes&quot;}\" data-widget_type=\"text-editor.default\">\n\t\t\t\t<div class=\"elementor-widget-container\">\n\t\t\t\t\t\t\t\t\t<div class=\"menu-interno\">\n  <a href=\"#RRSS\">Redes Sociales<\/a> |\n  <a href=\"#Estrategias-marketing\">Marketing-Strategien<\/a> |\n  <a href=\"#Publicidad\">Publicidad<\/a> |\n  <a href=\"#email\">Email Marketing<\/a>\n<\/div>\n\n<style>\n.menu-interno {\n  text-align: center;\n  font-size: 18px;\n  font-weight: 500;\n  font-family: Arial, sans-serif;\n}\n.menu-interno a {\n  text-decoration: none;\n  color: #000; \/* negro por defecto *\/\n  margin: 0 10px;\n  transition: all 0.3s ease;\n}\n.menu-interno a:hover {\n  color: #00C3FF; \/* celeste al pasar el mouse *\/\n}\n.menu-interno a:visited {\n  color: #000; \/* evita que cambie a morado despu\u00e9s de clic *\/\n}\n.menu-interno {\n  color: #00C3FF; \/* color del separador \"|\" *\/\n}\n<\/style>\t\t\t\t\t\t\t\t<\/div>\n\t\t\t\t<\/div>\n\t\t\t\t<div class=\"elementor-element elementor-element-d9da71c elementor-widget elementor-widget-heading\" data-id=\"d9da71c\" data-element_type=\"widget\" data-e-type=\"widget\" data-widget_type=\"heading.default\">\n\t\t\t\t<div class=\"elementor-widget-container\">\n\t\t\t\t\t<h2 class=\"elementor-heading-title elementor-size-default\">Nuestros servicios<\/h2>\t\t\t\t<\/div>\n\t\t\t\t<\/div>\n\t\t\t\t<div class=\"elementor-element elementor-element-06d7352 elementor-widget elementor-widget-heading\" data-id=\"06d7352\" data-element_type=\"widget\" data-e-type=\"widget\" data-widget_type=\"heading.default\">\n\t\t\t\t<div class=\"elementor-widget-container\">\n\t\t\t\t\t<p class=\"elementor-heading-title elementor-size-default\">En 365WebIT te ayudamos a posicionar tu marca, atraer clientes y aumentar tus ventas con soluciones completas de marketing digital. Desde campa\u00f1as en redes sociales hasta Google Ads, email marketing, SEO y anal\u00edtica de datos, dise\u00f1amos estrategias a medida que impulsan resultados reales y medibles.\n\nNos enfocamos en entender tu negocio, tu audiencia y tus metas para crear acciones digitales que conectan, venden y fidelizan. Todo con una visi\u00f3n integral, creativa y siempre optimizada para buscadores.<\/p>\t\t\t\t<\/div>\n\t\t\t\t<\/div>\n\t\t\t\t\t<\/div>\n\t\t<\/div>\n\t\t\t\t\t<\/div>\n\t\t<\/section>\n\t\t<div class=\"elementor-element elementor-element-2d5cfb1 e-flex e-con-boxed e-con e-parent\" data-id=\"2d5cfb1\" data-element_type=\"container\" data-e-type=\"container\">\n\t\t\t\t\t<div class=\"e-con-inner\">\n\t\t<div class=\"elementor-element elementor-element-af269b6 e-con-full e-flex e-con e-child\" data-id=\"af269b6\" data-element_type=\"container\" data-e-type=\"container\">\n\t\t\t\t<div class=\"elementor-element elementor-element-fce30aa oew-info-box-top elementor-widget elementor-widget-oew-info-box\" data-id=\"fce30aa\" data-element_type=\"widget\" data-e-type=\"widget\" id=\"RRSS\" data-settings=\"{&quot;position&quot;:&quot;top&quot;}\" data-widget_type=\"oew-info-box.default\">\n\t\t\t\t<div class=\"elementor-widget-container\">\n\t\t\t\t\t\n\t\t<div class=\"oew-info-box-wrap\">\n\t\t\t<div class=\"oew-info-box\">\n\n\t\t\t\t\t\t\t\t\t<div class=\"oew-info-box-icon-wrap\">\n\t\t\t\t\t\t<span class=\"oew-info-box-icon\">\n\t\t\t\t\t\t\t\t\t\t\t\t\t<\/span>\n\t\t\t\t\t<\/div>\n\t\t\t\t\t\n\t\t\t\t<div class=\"oew-info-box-content\">\n\t\t\t\t\t\t\t\t\t\t\t<h2 class=\"oew-info-box-title\">\n\t\t\t\t\t\t\tGesti\u00f3n Profesional de Redes Sociales | 365WebIT\t\t\t\t\t\t<\/h2>\n\t\t\t\t\t\t\n\t\t\t\t\t\t\t\t\t\t\t<div class=\"oew-info-box-divider-wrap\">\n\t\t\t\t\t\t\t<div class=\"oew-info-box-divider\"><\/div>\n\t\t\t\t\t\t<\/div>\n\t\t\t\t\t\t\n\t\t\t\t\t\t\t\t\t\t\t<div class=\"oew-info-box-description\">\n\t\t\t\t\t\t\tConecta con tu audiencia y haz crecer tu marca con contenido atractivo y estrategias efectivas en Instagram, Facebook, TikTok y m\u00e1s.<br><br>Creamos contenido relevante, visual y estrat\u00e9gico para tus redes sociales. Mejoramos la interacci\u00f3n con tu comunidad, generamos reconocimiento de marca y fortalecemos tu presencia digital.\t\t\t\t\t\t<\/div>\n\t\t\t\t\t\t\n\t\t\t\t\t\t\t\t\t<\/div>\n\n\t\t\t<\/div>\n\t\t<\/div>\n\n\t\t\t\t\t\t<\/div>\n\t\t\t\t<\/div>\n\t\t\t\t<\/div>\n\t\t<div class=\"elementor-element elementor-element-5cb5d1b e-con-full e-flex e-con e-child\" data-id=\"5cb5d1b\" data-element_type=\"container\" data-e-type=\"container\">\n\t\t\t\t<div class=\"elementor-element elementor-element-792f4de elementor-widget elementor-widget-image\" data-id=\"792f4de\" data-element_type=\"widget\" data-e-type=\"widget\" data-widget_type=\"image.default\">\n\t\t\t\t<div class=\"elementor-widget-container\">\n\t\t\t\t\t\t\t\t\t\t\t\t\t\t\t<img fetchpriority=\"high\" decoding=\"async\" width=\"300\" height=\"300\" src=\"https:\/\/www.365webit.com\/wp-content\/uploads\/2025\/07\/herramientas-de-gestion-de-redes-sociales-300x300.jpg\" class=\"attachment-medium size-medium wp-image-3302\" alt=\"\" srcset=\"https:\/\/www.365webit.com\/wp-content\/uploads\/2025\/07\/herramientas-de-gestion-de-redes-sociales-300x300.jpg 300w, https:\/\/www.365webit.com\/wp-content\/uploads\/2025\/07\/herramientas-de-gestion-de-redes-sociales-1024x1024.jpg 1024w, https:\/\/www.365webit.com\/wp-content\/uploads\/2025\/07\/herramientas-de-gestion-de-redes-sociales-150x150.jpg 150w, https:\/\/www.365webit.com\/wp-content\/uploads\/2025\/07\/herramientas-de-gestion-de-redes-sociales-768x768.jpg 768w, https:\/\/www.365webit.com\/wp-content\/uploads\/2025\/07\/herramientas-de-gestion-de-redes-sociales-1536x1536.jpg 1536w, https:\/\/www.365webit.com\/wp-content\/uploads\/2025\/07\/herramientas-de-gestion-de-redes-sociales-600x600.jpg 600w, https:\/\/www.365webit.com\/wp-content\/uploads\/2025\/07\/herramientas-de-gestion-de-redes-sociales.jpg 1400w\" sizes=\"(max-width: 300px) 100vw, 300px\" \/>\t\t\t\t\t\t\t\t\t\t\t\t\t\t\t<\/div>\n\t\t\t\t<\/div>\n\t\t\t\t<\/div>\n\t\t\t\t\t<\/div>\n\t\t\t\t<\/div>\n\t\t<div class=\"elementor-element elementor-element-b89240f e-flex e-con-boxed e-con e-parent\" data-id=\"b89240f\" data-element_type=\"container\" data-e-type=\"container\" data-settings=\"{&quot;background_background&quot;:&quot;classic&quot;}\">\n\t\t\t\t\t<div class=\"e-con-inner\">\n\t\t<div class=\"elementor-element elementor-element-53b1465 e-con-full e-flex e-con e-child\" data-id=\"53b1465\" data-element_type=\"container\" data-e-type=\"container\">\n\t\t\t\t<div class=\"elementor-element elementor-element-1978772 elementor-widget elementor-widget-image\" data-id=\"1978772\" data-element_type=\"widget\" data-e-type=\"widget\" data-widget_type=\"image.default\">\n\t\t\t\t<div class=\"elementor-widget-container\">\n\t\t\t\t\t\t\t\t\t\t\t\t\t\t\t<img decoding=\"async\" width=\"768\" height=\"768\" src=\"https:\/\/www.365webit.com\/wp-content\/uploads\/2025\/07\/marketing-digital-768x768.png\" class=\"attachment-medium_large size-medium_large wp-image-3297\" alt=\"\" srcset=\"https:\/\/www.365webit.com\/wp-content\/uploads\/2025\/07\/marketing-digital-768x768.png 768w, https:\/\/www.365webit.com\/wp-content\/uploads\/2025\/07\/marketing-digital-300x300.png 300w, https:\/\/www.365webit.com\/wp-content\/uploads\/2025\/07\/marketing-digital-1024x1024.png 1024w, https:\/\/www.365webit.com\/wp-content\/uploads\/2025\/07\/marketing-digital-150x150.png 150w, https:\/\/www.365webit.com\/wp-content\/uploads\/2025\/07\/marketing-digital-600x600.png 600w, https:\/\/www.365webit.com\/wp-content\/uploads\/2025\/07\/marketing-digital.png 1080w\" sizes=\"(max-width: 768px) 100vw, 768px\" \/>\t\t\t\t\t\t\t\t\t\t\t\t\t\t\t<\/div>\n\t\t\t\t<\/div>\n\t\t\t\t<\/div>\n\t\t<div class=\"elementor-element elementor-element-a779596 e-con-full e-flex e-con e-child\" data-id=\"a779596\" data-element_type=\"container\" data-e-type=\"container\">\n\t\t\t\t<div class=\"elementor-element elementor-element-a189434 oew-info-box-top elementor-widget elementor-widget-oew-info-box\" data-id=\"a189434\" data-element_type=\"widget\" data-e-type=\"widget\" id=\"Estrategias-marketing\" data-settings=\"{&quot;position&quot;:&quot;top&quot;}\" data-widget_type=\"oew-info-box.default\">\n\t\t\t\t<div class=\"elementor-widget-container\">\n\t\t\t\t\t\n\t\t<div class=\"oew-info-box-wrap\">\n\t\t\t<div class=\"oew-info-box\">\n\n\t\t\t\t\t\t\t\t\t<div class=\"oew-info-box-icon-wrap\">\n\t\t\t\t\t\t<span class=\"oew-info-box-icon\">\n\t\t\t\t\t\t\t\t\t\t\t\t\t<\/span>\n\t\t\t\t\t<\/div>\n\t\t\t\t\t\n\t\t\t\t<div class=\"oew-info-box-content\">\n\t\t\t\t\t\t\t\t\t\t\t<h2 class=\"oew-info-box-title\">\n\t\t\t\t\t\t\t<br><br>Estrategia de Marketing Digital Personalizada | 365WebIT\t\t\t\t\t\t<\/h2>\n\t\t\t\t\t\t\n\t\t\t\t\t\t\t\t\t\t\t<div class=\"oew-info-box-divider-wrap\">\n\t\t\t\t\t\t\t<div class=\"oew-info-box-divider\"><\/div>\n\t\t\t\t\t\t<\/div>\n\t\t\t\t\t\t\n\t\t\t\t\t\t\t\t\t\t\t<div class=\"oew-info-box-description\">\n\t\t\t\t\t\t\tCreamos estrategias digitales adaptadas a tu negocio. Aumenta tu alcance, visibilidad y ventas con campa\u00f1as enfocadas en resultados.<br><br>Dise\u00f1amos planes personalizados basados en objetivos, an\u00e1lisis de datos y el comportamiento de tus usuarios. Nos enfocamos en acciones efectivas que aumenten tu visibilidad, tr\u00e1fico web y conversiones.\t\t\t\t\t\t<\/div>\n\t\t\t\t\t\t\n\t\t\t\t\t\t\t\t\t<\/div>\n\n\t\t\t<\/div>\n\t\t<\/div>\n\n\t\t\t\t\t\t<\/div>\n\t\t\t\t<\/div>\n\t\t\t\t<\/div>\n\t\t\t\t\t<\/div>\n\t\t\t\t<\/div>\n\t\t<div class=\"elementor-element elementor-element-7315586 e-flex e-con-boxed e-con e-parent\" data-id=\"7315586\" data-element_type=\"container\" data-e-type=\"container\" data-settings=\"{&quot;background_background&quot;:&quot;classic&quot;}\">\n\t\t\t\t\t<div class=\"e-con-inner\">\n\t\t\t\t<div class=\"elementor-element elementor-element-dbab4d4 oew-info-box-top elementor-widget elementor-widget-oew-info-box\" data-id=\"dbab4d4\" data-element_type=\"widget\" data-e-type=\"widget\" id=\"Publicidad\" data-settings=\"{&quot;position&quot;:&quot;top&quot;}\" data-widget_type=\"oew-info-box.default\">\n\t\t\t\t<div class=\"elementor-widget-container\">\n\t\t\t\t\t\n\t\t<div class=\"oew-info-box-wrap\">\n\t\t\t<div class=\"oew-info-box\">\n\n\t\t\t\t\t\t\t\t\t<div class=\"oew-info-box-icon-wrap\">\n\t\t\t\t\t\t<span class=\"oew-info-box-icon\">\n\t\t\t\t\t\t\t\t\t\t\t\t\t<\/span>\n\t\t\t\t\t<\/div>\n\t\t\t\t\t\n\t\t\t\t<div class=\"oew-info-box-content\">\n\t\t\t\t\t\t\t\t\t\t\t<h2 class=\"oew-info-box-title\">\n\t\t\t\t\t\t\t<br><br>Publicidad Digital y Campa\u00f1as PPC Rentables | 365WebIT\t\t\t\t\t\t<\/h2>\n\t\t\t\t\t\t\n\t\t\t\t\t\t\t\t\t\t\t<div class=\"oew-info-box-divider-wrap\">\n\t\t\t\t\t\t\t<div class=\"oew-info-box-divider\"><\/div>\n\t\t\t\t\t\t<\/div>\n\t\t\t\t\t\t\n\t\t\t\t\t\t\t\t\t\t\t<div class=\"oew-info-box-description\">\n\t\t\t\t\t\t\tAumenta tus ventas con campa\u00f1as de Google Ads y redes sociales. Segmentaci\u00f3n precisa y optimizaci\u00f3n constante para mayor conversi\u00f3n.<br><br>Lanzamos campa\u00f1as optimizadas en Google, Facebook e Instagram que generan resultados. Segmentamos, analizamos y mejoramos cada anuncio para maximizar tu retorno de inversi\u00f3n (ROI).\t\t\t\t\t\t<\/div>\n\t\t\t\t\t\t\n\t\t\t\t\t\t\t\t\t<\/div>\n\n\t\t\t<\/div>\n\t\t<\/div>\n\n\t\t\t\t\t\t<\/div>\n\t\t\t\t<\/div>\n\t\t\t\t<div class=\"elementor-element elementor-element-062cbca elementor-widget elementor-widget-image\" data-id=\"062cbca\" data-element_type=\"widget\" data-e-type=\"widget\" data-widget_type=\"image.default\">\n\t\t\t\t<div class=\"elementor-widget-container\">\n\t\t\t\t\t\t\t\t\t\t\t\t\t\t\t<img decoding=\"async\" width=\"1024\" height=\"1024\" src=\"https:\/\/www.365webit.com\/wp-content\/uploads\/2025\/07\/publciidad-1024x1024.png\" class=\"attachment-large size-large wp-image-3298\" alt=\"\" srcset=\"https:\/\/www.365webit.com\/wp-content\/uploads\/2025\/07\/publciidad-1024x1024.png 1024w, https:\/\/www.365webit.com\/wp-content\/uploads\/2025\/07\/publciidad-300x300.png 300w, https:\/\/www.365webit.com\/wp-content\/uploads\/2025\/07\/publciidad-150x150.png 150w, https:\/\/www.365webit.com\/wp-content\/uploads\/2025\/07\/publciidad-768x768.png 768w, https:\/\/www.365webit.com\/wp-content\/uploads\/2025\/07\/publciidad-600x600.png 600w, https:\/\/www.365webit.com\/wp-content\/uploads\/2025\/07\/publciidad.png 1080w\" sizes=\"(max-width: 1024px) 100vw, 1024px\" \/>\t\t\t\t\t\t\t\t\t\t\t\t\t\t\t<\/div>\n\t\t\t\t<\/div>\n\t\t\t\t\t<\/div>\n\t\t\t\t<\/div>\n\t\t<div class=\"elementor-element elementor-element-3c7c009 e-flex e-con-boxed e-con e-parent\" data-id=\"3c7c009\" data-element_type=\"container\" data-e-type=\"container\">\n\t\t\t\t\t<div class=\"e-con-inner\">\n\t\t<div class=\"elementor-element elementor-element-20c04aa e-con-full e-flex e-con e-child\" data-id=\"20c04aa\" data-element_type=\"container\" data-e-type=\"container\">\n\t\t\t\t<div class=\"elementor-element elementor-element-a78d087 elementor-widget elementor-widget-image\" data-id=\"a78d087\" data-element_type=\"widget\" data-e-type=\"widget\" data-widget_type=\"image.default\">\n\t\t\t\t<div class=\"elementor-widget-container\">\n\t\t\t\t\t\t\t\t\t\t\t\t\t\t\t<img loading=\"lazy\" decoding=\"async\" width=\"300\" height=\"300\" src=\"https:\/\/www.365webit.com\/wp-content\/uploads\/2025\/07\/email-marketing-1-300x300.png\" class=\"attachment-medium size-medium wp-image-3301\" alt=\"\" srcset=\"https:\/\/www.365webit.com\/wp-content\/uploads\/2025\/07\/email-marketing-1-300x300.png 300w, https:\/\/www.365webit.com\/wp-content\/uploads\/2025\/07\/email-marketing-1-1024x1024.png 1024w, https:\/\/www.365webit.com\/wp-content\/uploads\/2025\/07\/email-marketing-1-150x150.png 150w, https:\/\/www.365webit.com\/wp-content\/uploads\/2025\/07\/email-marketing-1-768x768.png 768w, https:\/\/www.365webit.com\/wp-content\/uploads\/2025\/07\/email-marketing-1-600x600.png 600w, https:\/\/www.365webit.com\/wp-content\/uploads\/2025\/07\/email-marketing-1.png 1080w\" sizes=\"(max-width: 300px) 100vw, 300px\" \/>\t\t\t\t\t\t\t\t\t\t\t\t\t\t\t<\/div>\n\t\t\t\t<\/div>\n\t\t\t\t<\/div>\n\t\t<div class=\"elementor-element elementor-element-8f75772 e-con-full e-flex e-con e-child\" data-id=\"8f75772\" data-element_type=\"container\" data-e-type=\"container\">\n\t\t\t\t<div class=\"elementor-element elementor-element-b9d67ca oew-info-box-top elementor-widget elementor-widget-oew-info-box\" data-id=\"b9d67ca\" data-element_type=\"widget\" data-e-type=\"widget\" id=\"email\" data-settings=\"{&quot;position&quot;:&quot;top&quot;}\" data-widget_type=\"oew-info-box.default\">\n\t\t\t\t<div class=\"elementor-widget-container\">\n\t\t\t\t\t\n\t\t<div class=\"oew-info-box-wrap\">\n\t\t\t<div class=\"oew-info-box\">\n\n\t\t\t\t\t\t\t\t\t<div class=\"oew-info-box-icon-wrap\">\n\t\t\t\t\t\t<span class=\"oew-info-box-icon\">\n\t\t\t\t\t\t\t\t\t\t\t\t\t<\/span>\n\t\t\t\t\t<\/div>\n\t\t\t\t\t\n\t\t\t\t<div class=\"oew-info-box-content\">\n\t\t\t\t\t\t\t\t\t\t\t<h3 class=\"oew-info-box-title\">\n\t\t\t\t\t\t\t<br>Email Marketing Efectivo y Automatizado | 365WebIT\t\t\t\t\t\t<\/h3>\n\t\t\t\t\t\t\n\t\t\t\t\t\t\t\t\t\t\t<div class=\"oew-info-box-divider-wrap\">\n\t\t\t\t\t\t\t<div class=\"oew-info-box-divider\"><\/div>\n\t\t\t\t\t\t<\/div>\n\t\t\t\t\t\t\n\t\t\t\t\t\t\t\t\t\t\t<div class=\"oew-info-box-description\">\n\t\t\t\t\t\t\tLlega directo a tu cliente ideal con campa\u00f1as de email automatizadas. Aumenta tus conversiones y fideliza con mensajes inteligentes y segmentados.<br><br>Dise\u00f1amos secuencias de correos personalizadas y automatizadas que educan, convierten y fidelizan. Ideal para mantener el contacto y generar m\u00e1s valor con tu base de clientes.\t\t\t\t\t\t<\/div>\n\t\t\t\t\t\t\n\t\t\t\t\t\t\t\t\t<\/div>\n\n\t\t\t<\/div>\n\t\t<\/div>\n\n\t\t\t\t\t\t<\/div>\n\t\t\t\t<\/div>\n\t\t\t\t<\/div>\n\t\t\t\t\t<\/div>\n\t\t\t\t<\/div>\n\t\t<div class=\"elementor-element elementor-element-da7ee5b e-flex e-con-boxed e-con e-parent\" data-id=\"da7ee5b\" data-element_type=\"container\" data-e-type=\"container\">\n\t\t\t\t\t<div class=\"e-con-inner\">\n\t\t\t\t<div class=\"elementor-element elementor-element-3c17ac2 elementor-align-center elementor-widget elementor-widget-oew-animated-heading\" data-id=\"3c17ac2\" data-element_type=\"widget\" data-e-type=\"widget\" data-settings=\"{&quot;animated_heading&quot;:&quot;accesibles, maravillosos, c\\u00f3modos, negociables&quot;,&quot;heading_layout&quot;:&quot;animated&quot;,&quot;heading_animation&quot;:&quot;fadeIn&quot;,&quot;heading_animation_delay&quot;:2500}\" data-widget_type=\"oew-animated-heading.default\">\n\t\t\t\t<div class=\"elementor-widget-container\">\n\t\t\t\t\t\n\t\t<div id=\"oew-animated-heading-3c17ac2\" class=\"oew-heading-wrap\">\n\t\t\t<h2 class=\"oew-heading-tag\">\n\n\t\t\t\t\t\t\t\t\t<div class=\"oew-pre-heading\">Nuestros<\/div>\n\t\t\t\t\t\t\t\t\t\t   <div class=\"oew-animated-heading\">\n\t\t\t\t\t\taccesibles, maravillosos, c\u00f3modos, negociables\t\t\t\t\t   <\/div>\n\t\t\t\t\t\t\t\t\t\t<div class=\"oew-post-heading\">precios<\/div>\n\t\t\t\t\t\n\t\t\t<\/h2>\n\t\t<\/div>\n\n\t\t\t\t\t\t<\/div>\n\t\t\t\t<\/div>\n\t\t\t\t<div class=\"elementor-element elementor-element-d39da52 elementor-widget-divider--view-line_icon elementor-view-default elementor-widget-divider--element-align-center elementor-widget elementor-widget-divider\" data-id=\"d39da52\" data-element_type=\"widget\" data-e-type=\"widget\" data-widget_type=\"divider.default\">\n\t\t\t\t<div class=\"elementor-widget-container\">\n\t\t\t\t\t\t\t<div class=\"elementor-divider\">\n\t\t\t<span class=\"elementor-divider-separator\">\n\t\t\t\t\t\t\t<div class=\"elementor-icon elementor-divider__element\">\n\t\t\t\t\t<svg aria-hidden=\"true\" class=\"e-font-icon-svg e-fas-sun\" viewbox=\"0 0 512 512\" xmlns=\"http:\/\/www.w3.org\/2000\/svg\"><path d=\"M256 160c-52.9 0-96 43.1-96 96s43.1 96 96 96 96-43.1 96-96-43.1-96-96-96zm246.4 80.5l-94.7-47.3 33.5-100.4c4.5-13.6-8.4-26.5-21.9-21.9l-100.4 33.5-47.4-94.8c-6.4-12.8-24.6-12.8-31 0l-47.3 94.7L92.7 70.8c-13.6-4.5-26.5 8.4-21.9 21.9l33.5 100.4-94.7 47.4c-12.8 6.4-12.8 24.6 0 31l94.7 47.3-33.5 100.5c-4.5 13.6 8.4 26.5 21.9 21.9l100.4-33.5 47.3 94.7c6.4 12.8 24.6 12.8 31 0l47.3-94.7 100.4 33.5c13.6 4.5 26.5-8.4 21.9-21.9l-33.5-100.4 94.7-47.3c13-6.5 13-24.7.2-31.1zm-155.9 106c-49.9 49.9-131.1 49.9-181 0-49.9-49.9-49.9-131.1 0-181 49.9-49.9 131.1-49.9 181 0 49.9 49.9 49.9 131.1 0 181z\"><\/path><\/svg><\/div>\n\t\t\t\t\t\t<\/span>\n\t\t<\/div>\n\t\t\t\t\t\t<\/div>\n\t\t\t\t<\/div>\n\t\t\t\t\t<\/div>\n\t\t\t\t<\/div>\n\t\t<div class=\"elementor-element elementor-element-b0567a2 e-flex e-con-boxed e-con e-parent\" data-id=\"b0567a2\" data-element_type=\"container\" data-e-type=\"container\">\n\t\t\t\t\t<div class=\"e-con-inner\">\n\t\t\t\t<div class=\"elementor-element elementor-element-e7be544 elementor-widget elementor-widget-oew-pricing\" data-id=\"e7be544\" data-element_type=\"widget\" data-e-type=\"widget\" data-widget_type=\"oew-pricing.default\">\n\t\t\t\t<div class=\"elementor-widget-container\">\n\t\t\t\t\t\n\t\t<div class=\"oew-pricing clr\">\n\n\t\t\t\n\t\t\t\t<div class=\"oew-pricing-header clr\">Digitales Marketing<\/div>\n\n\t\t\t\n\t\t\t\n\t\t\t\t<div class=\"oew-pricing-cost clr\">\n\n\t\t\t\t\t<div class=\"oew-pricing-amount\">Desde 999\u20ac<\/div>\n\n\t\t\t\t\t\n\t\t\t\t<\/div>\n\n\t\t\t\n\t\t\t\n\t\t\t\t<div class=\"oew-pricing-content clr\"><ul>\n\t\t\t\t\t\t\t<li>Estrategia integral<\/li>\n\t\t\t\t\t\t\t<li class=\"oew-even\">Redes Sociales<\/li>\n\t\t\t\t\t\t\t<li>Landing PageMarker<\/li>\n\t\t\t\t\t\t\t<li class=\"oew-even\">Email Marketing<\/li>\n\t\t\t\t\t\t\t<li>Creaci\u00f3n de contenido<\/li>\n\t\t\t\t\t\t<\/ul><\/div>\n\n\t\t\t\n\t\t\t\n\t\t\t\t<div class=\"oew-pricing-button clr\">\n\n\n\n\t\t\t\t<a href=\"#\" title=\"Seleccionar\" class=\"button\" target=\"_self\">\n\t\t\t\t\t\t\t\t\t\tSeleccionar\t\t\t\t<\/a>\n\n\t\t\t\t<\/div>\n\n\t\t\t\n\t\t<\/div><!-- .oew-pricing -->\n\n\t\t\t\t\t\t<\/div>\n\t\t\t\t<\/div>\n\t\t\t\t\t<\/div>\n\t\t\t\t<\/div>\n\t\t\t\t<\/div>","protected":false},"excerpt":{"rendered":"<p>Marketing Digital Redes Sociales | Estrategias de Marketing | Publicidad | Email Marketing Nuestros servicios En 365WebIT te ayudamos a posicionar tu marca, atraer clientes y aumentar tus ventas con soluciones completas de marketing digital. Desde campa\u00f1as en redes sociales hasta Google Ads, email marketing, SEO y anal\u00edtica de datos, dise\u00f1amos estrategias a medida que [&hellip;]<\/p>\n","protected":false},"author":2,"featured_media":0,"parent":0,"menu_order":0,"comment_status":"closed","ping_status":"closed","template":"","meta":{"ocean_post_layout":"full-screen","ocean_both_sidebars_style":"","ocean_both_sidebars_content_width":0,"ocean_both_sidebars_sidebars_width":0,"ocean_sidebar":"","ocean_second_sidebar":"","ocean_disable_margins":"enable","ocean_add_body_class":"","ocean_shortcode_before_top_bar":"","ocean_shortcode_after_top_bar":"","ocean_shortcode_before_header":"","ocean_shortcode_after_header":"","ocean_has_shortcode":"","ocean_shortcode_after_title":"","ocean_shortcode_before_footer_widgets":"","ocean_shortcode_after_footer_widgets":"","ocean_shortcode_before_footer_bottom":"","ocean_shortcode_after_footer_bottom":"","ocean_display_top_bar":"default","ocean_display_header":"default","ocean_header_style":"","ocean_center_header_left_menu":"","ocean_custom_header_template":"","ocean_custom_logo":0,"ocean_custom_retina_logo":0,"ocean_custom_logo_max_width":0,"ocean_custom_logo_tablet_max_width":0,"ocean_custom_logo_mobile_max_width":0,"ocean_custom_logo_max_height":0,"ocean_custom_logo_tablet_max_height":0,"ocean_custom_logo_mobile_max_height":0,"ocean_header_custom_menu":"","ocean_menu_typo_font_family":"","ocean_menu_typo_font_subset":"","ocean_menu_typo_font_size":0,"ocean_menu_typo_font_size_tablet":0,"ocean_menu_typo_font_size_mobile":0,"ocean_menu_typo_font_size_unit":"px","ocean_menu_typo_font_weight":"","ocean_menu_typo_font_weight_tablet":"","ocean_menu_typo_font_weight_mobile":"","ocean_menu_typo_transform":"","ocean_menu_typo_transform_tablet":"","ocean_menu_typo_transform_mobile":"","ocean_menu_typo_line_height":0,"ocean_menu_typo_line_height_tablet":0,"ocean_menu_typo_line_height_mobile":0,"ocean_menu_typo_line_height_unit":"","ocean_menu_typo_spacing":0,"ocean_menu_typo_spacing_tablet":0,"ocean_menu_typo_spacing_mobile":0,"ocean_menu_typo_spacing_unit":"","ocean_menu_link_color":"","ocean_menu_link_color_hover":"","ocean_menu_link_color_active":"","ocean_menu_link_background":"","ocean_menu_link_hover_background":"","ocean_menu_link_active_background":"","ocean_menu_social_links_bg":"","ocean_menu_social_hover_links_bg":"","ocean_menu_social_links_color":"","ocean_menu_social_hover_links_color":"","ocean_disable_title":"on","ocean_disable_heading":"default","ocean_post_title":"","ocean_post_subheading":"","ocean_post_title_style":"","ocean_post_title_background_color":"","ocean_post_title_background":0,"ocean_post_title_bg_image_position":"","ocean_post_title_bg_image_attachment":"","ocean_post_title_bg_image_repeat":"","ocean_post_title_bg_image_size":"","ocean_post_title_height":0,"ocean_post_title_bg_overlay":0.5,"ocean_post_title_bg_overlay_color":"","ocean_disable_breadcrumbs":"off","ocean_breadcrumbs_color":"","ocean_breadcrumbs_separator_color":"","ocean_breadcrumbs_links_color":"","ocean_breadcrumbs_links_hover_color":"","ocean_display_footer_widgets":"default","ocean_display_footer_bottom":"default","ocean_custom_footer_template":"","osh_disable_topbar_sticky":"default","osh_disable_header_sticky":"default","osh_sticky_header_style":"default","osh_sticky_header_effect":"","osh_custom_sticky_logo":0,"osh_custom_retina_sticky_logo":0,"osh_custom_sticky_logo_height":0,"osh_background_color":"","osh_links_color":"","osh_links_hover_color":"","osh_links_active_color":"","osh_links_bg_color":"","osh_links_hover_bg_color":"","osh_links_active_bg_color":"","osh_menu_social_links_color":"","osh_menu_social_hover_links_color":"","footnotes":""},"class_list":["post-3295","page","type-page","status-publish","hentry","entry"],"_links":{"self":[{"href":"https:\/\/www.365webit.com\/de\/wp-json\/wp\/v2\/pages\/3295","targetHints":{"allow":["GET"]}}],"collection":[{"href":"https:\/\/www.365webit.com\/de\/wp-json\/wp\/v2\/pages"}],"about":[{"href":"https:\/\/www.365webit.com\/de\/wp-json\/wp\/v2\/types\/page"}],"author":[{"embeddable":true,"href":"https:\/\/www.365webit.com\/de\/wp-json\/wp\/v2\/users\/2"}],"replies":[{"embeddable":true,"href":"https:\/\/www.365webit.com\/de\/wp-json\/wp\/v2\/comments?post=3295"}],"version-history":[{"count":0,"href":"https:\/\/www.365webit.com\/de\/wp-json\/wp\/v2\/pages\/3295\/revisions"}],"wp:attachment":[{"href":"https:\/\/www.365webit.com\/de\/wp-json\/wp\/v2\/media?parent=3295"}],"curies":[{"name":"wp","href":"https:\/\/api.w.org\/{rel}","templated":true}]}}